{"id":3382,"date":"2024-05-07T21:58:16","date_gmt":"2024-05-07T21:58:16","guid":{"rendered":"https:\/\/storeplc.com\/?post_type=product&#038;p=3382"},"modified":"2026-01-06T19:00:58","modified_gmt":"2026-01-06T19:00:58","slug":"1769-l16er-bb1b","status":"publish","type":"product","link":"https:\/\/storeplc.com\/?product=1769-l16er-bb1b","title":{"rendered":"1769-L16ER-BB1B"},"content":{"rendered":"<p>&nbsp;<\/p>\n<p>compactlogix 5370 l1 controller dual ethernet w\/dlr capability 384kb memory 6 i\/o expansion via 1734 point i\/o 4 ethernet ip nodes 24vdc<\/p>\n<p>&nbsp;<\/p>\n<p>General<br \/>\nAutomatizaci\u00f3n: La aplicaci\u00f3n de tecnolog\u00eda para hacer que sistemas o procesos funcionen de manera aut\u00f3noma, sin intervenci\u00f3n humana. \ud83e\udd16<\/p>\n<p>Sistemas: Conjunto de elementos interrelacionados que trabajan juntos hacia un objetivo com\u00fan.<\/p>\n<p>Tipos de Automatizaci\u00f3n<br \/>\nAutomatizaci\u00f3n industrial: Automatizaci\u00f3n en entornos de fabricaci\u00f3n y producci\u00f3n.<\/p>\n<p>Automatizaci\u00f3n de procesos rob\u00f3ticos (RPA): Uso de software y bots para automatizar tareas repetitivas de oficina.<\/p>\n<p>Dom\u00f3tica: Automatizaci\u00f3n del hogar. \ud83c\udfe0<\/p>\n<p>Componentes y Tecnolog\u00edas<br \/>\nRob\u00f3tica: Dise\u00f1o, construcci\u00f3n y uso de robots.<\/p>\n<p>PLC (Controlador L\u00f3gico Programable): Un tipo de computadora industrial para controlar procesos de fabricaci\u00f3n.<\/p>\n<p>SCADA (Supervisi\u00f3n, Control y Adquisici\u00f3n de Datos): Sistema de control industrial para monitorear y controlar equipos.<\/p>\n<p>Sensores: Dispositivos que detectan cambios f\u00edsicos o ambientales.<\/p>\n<p>Actuadores: Dispositivos que convierten una se\u00f1al en movimiento f\u00edsico.<\/p>\n<p>Interfaz hombre-m\u00e1quina (HMI): Interfaz gr\u00e1fica para que los operadores controlen y monitoreen m\u00e1quinas.<\/p>\n<p>Controladores: Dispositivos que regulan el comportamiento de un sistema.<\/p>\n<p>Conceptos de Programaci\u00f3n y Control<br \/>\nAlgoritmo: Conjunto de instrucciones para resolver un problema.<\/p>\n<p>C\u00f3digo: Instrucciones de programaci\u00f3n.<\/p>\n<p>L\u00f3gica de control: Las reglas que dictan c\u00f3mo un sistema debe operar.<\/p>\n<p>Lenguajes de programaci\u00f3n: Como Ladder Logic, C++, Python, etc.<\/p>\n<p>\u00c1reas Relacionadas<br \/>\nInteligencia artificial (IA): Simulaci\u00f3n de procesos de inteligencia humana por m\u00e1quinas.<\/p>\n<p>Aprendizaje autom\u00e1tico (Machine Learning): Algoritmos que permiten a las m\u00e1quinas aprender de los datos.<\/p>\n<p>Internet de las cosas (IoT): Red de objetos f\u00edsicos con sensores y software que se conectan e intercambian datos. \ud83c\udf10<\/p>\n<p>&nbsp;<\/p>\n","protected":false},"excerpt":{"rendered":"<p>&nbsp; compactlogix 5370 l1 controller dual ethernet w\/dlr capability 384kb memory 6 i\/o expansion via 1734 point i\/o 4 ethernet ip nodes 24vdc &nbsp; General Automatizaci\u00f3n: La aplicaci\u00f3n de tecnolog\u00eda para hacer que sistemas o procesos funcionen de manera aut\u00f3noma, sin intervenci\u00f3n humana. \ud83e\udd16 Sistemas: Conjunto de elementos interrelacionados que trabajan juntos hacia un objetivo [&hellip;]<\/p>\n","protected":false},"featured_media":3383,"template":"","meta":[],"product_brand":[],"product_cat":[278,955],"product_tag":[245],"class_list":{"0":"post-3382","1":"product","2":"type-product","3":"status-publish","4":"has-post-thumbnail","6":"product_cat-compactlogix-5370","7":"product_cat-soporte-gratis-en-productos-comprados-aplican-condiciones","8":"product_tag-1769-l16er-bb1b","10":"first","11":"instock","12":"purchasable","13":"product-type-simple"},"yoast_head":"<!-- This site is optimized with the Yoast SEO plugin v27.5 - https:\/\/yoast.com\/product\/yoast-seo-wordpress\/ -->\n<title>1769-L16ER-BB1B - Automatizaci\u00f3n Industrial Mitsubishi Electric.<\/title>\n<meta name=\"robots\" content=\"index, follow, max-snippet:-1, max-image-preview:large, max-video-preview:-1\" \/>\n<link rel=\"canonical\" href=\"https:\/\/storeplc.com\/?product=1769-l16er-bb1b\" \/>\n<meta property=\"og:locale\" content=\"en_US\" \/>\n<meta property=\"og:type\" content=\"article\" \/>\n<meta property=\"og:title\" content=\"1769-L16ER-BB1B - Automatizaci\u00f3n Industrial Mitsubishi Electric.\" \/>\n<meta property=\"og:description\" content=\"&nbsp; compactlogix 5370 l1 controller dual ethernet w\/dlr capability 384kb memory 6 i\/o expansion via 1734 point i\/o 4 ethernet ip nodes 24vdc &nbsp; General Automatizaci\u00f3n: La aplicaci\u00f3n de tecnolog\u00eda para hacer que sistemas o procesos funcionen de manera aut\u00f3noma, sin intervenci\u00f3n humana. \ud83e\udd16 Sistemas: Conjunto de elementos interrelacionados que trabajan juntos hacia un objetivo [&hellip;]\" \/>\n<meta property=\"og:url\" content=\"https:\/\/storeplc.com\/?product=1769-l16er-bb1b\" \/>\n<meta property=\"og:site_name\" content=\"Automatizaci\u00f3n Industrial Mitsubishi Electric.\" \/>\n<meta property=\"article:modified_time\" content=\"2026-01-06T19:00:58+00:00\" \/>\n<meta property=\"og:image\" content=\"https:\/\/storeplc.com\/wp-content\/uploads\/2024\/05\/1769-L16ER-BB1B.png\" \/>\n\t<meta property=\"og:image:width\" content=\"600\" \/>\n\t<meta property=\"og:image:height\" content=\"470\" \/>\n\t<meta property=\"og:image:type\" content=\"image\/png\" \/>\n<meta name=\"twitter:card\" content=\"summary_large_image\" \/>\n<meta name=\"twitter:label1\" content=\"Est. reading time\" \/>\n\t<meta name=\"twitter:data1\" content=\"1 minute\" \/>\n<script type=\"application\/ld+json\" class=\"yoast-schema-graph\">{\"@context\":\"https:\\\/\\\/schema.org\",\"@graph\":[{\"@type\":\"WebPage\",\"@id\":\"https:\\\/\\\/storeplc.com\\\/?product=1769-l16er-bb1b\",\"url\":\"https:\\\/\\\/storeplc.com\\\/?product=1769-l16er-bb1b\",\"name\":\"1769-L16ER-BB1B - Automatizaci\u00f3n Industrial Mitsubishi Electric.\",\"isPartOf\":{\"@id\":\"https:\\\/\\\/storeplc.com\\\/#website\"},\"primaryImageOfPage\":{\"@id\":\"https:\\\/\\\/storeplc.com\\\/?product=1769-l16er-bb1b#primaryimage\"},\"image\":{\"@id\":\"https:\\\/\\\/storeplc.com\\\/?product=1769-l16er-bb1b#primaryimage\"},\"thumbnailUrl\":\"https:\\\/\\\/storeplc.com\\\/wp-content\\\/uploads\\\/2024\\\/05\\\/1769-L16ER-BB1B.png\",\"datePublished\":\"2024-05-07T21:58:16+00:00\",\"dateModified\":\"2026-01-06T19:00:58+00:00\",\"breadcrumb\":{\"@id\":\"https:\\\/\\\/storeplc.com\\\/?product=1769-l16er-bb1b#breadcrumb\"},\"inLanguage\":\"en-US\",\"potentialAction\":[{\"@type\":\"ReadAction\",\"target\":[\"https:\\\/\\\/storeplc.com\\\/?product=1769-l16er-bb1b\"]}]},{\"@type\":\"ImageObject\",\"inLanguage\":\"en-US\",\"@id\":\"https:\\\/\\\/storeplc.com\\\/?product=1769-l16er-bb1b#primaryimage\",\"url\":\"https:\\\/\\\/storeplc.com\\\/wp-content\\\/uploads\\\/2024\\\/05\\\/1769-L16ER-BB1B.png\",\"contentUrl\":\"https:\\\/\\\/storeplc.com\\\/wp-content\\\/uploads\\\/2024\\\/05\\\/1769-L16ER-BB1B.png\",\"width\":600,\"height\":470,\"caption\":\"1769-L16ER-BB1B\"},{\"@type\":\"BreadcrumbList\",\"@id\":\"https:\\\/\\\/storeplc.com\\\/?product=1769-l16er-bb1b#breadcrumb\",\"itemListElement\":[{\"@type\":\"ListItem\",\"position\":1,\"name\":\"Home\",\"item\":\"https:\\\/\\\/storeplc.com\\\/\"},{\"@type\":\"ListItem\",\"position\":2,\"name\":\"Shop\",\"item\":\"https:\\\/\\\/storeplc.com\\\/?page_id=5\"},{\"@type\":\"ListItem\",\"position\":3,\"name\":\"1769-L16ER-BB1B\"}]},{\"@type\":\"WebSite\",\"@id\":\"https:\\\/\\\/storeplc.com\\\/#website\",\"url\":\"https:\\\/\\\/storeplc.com\\\/\",\"name\":\"storeplc.com\",\"description\":\"storeplc.com \",\"publisher\":{\"@id\":\"https:\\\/\\\/storeplc.com\\\/#organization\"},\"potentialAction\":[{\"@type\":\"SearchAction\",\"target\":{\"@type\":\"EntryPoint\",\"urlTemplate\":\"https:\\\/\\\/storeplc.com\\\/?s={search_term_string}\"},\"query-input\":{\"@type\":\"PropertyValueSpecification\",\"valueRequired\":true,\"valueName\":\"search_term_string\"}}],\"inLanguage\":\"en-US\"},{\"@type\":\"Organization\",\"@id\":\"https:\\\/\\\/storeplc.com\\\/#organization\",\"name\":\"storeplc.com\",\"url\":\"https:\\\/\\\/storeplc.com\\\/\",\"logo\":{\"@type\":\"ImageObject\",\"inLanguage\":\"en-US\",\"@id\":\"https:\\\/\\\/storeplc.com\\\/#\\\/schema\\\/logo\\\/image\\\/\",\"url\":\"https:\\\/\\\/storeplc.com\\\/wp-content\\\/uploads\\\/2026\\\/01\\\/cropped-cropped-Logo-StorePLC.png\",\"contentUrl\":\"https:\\\/\\\/storeplc.com\\\/wp-content\\\/uploads\\\/2026\\\/01\\\/cropped-cropped-Logo-StorePLC.png\",\"width\":1021,\"height\":746,\"caption\":\"storeplc.com\"},\"image\":{\"@id\":\"https:\\\/\\\/storeplc.com\\\/#\\\/schema\\\/logo\\\/image\\\/\"}}]}<\/script>\n<!-- \/ Yoast SEO plugin. -->","yoast_head_json":{"title":"1769-L16ER-BB1B - Automatizaci\u00f3n Industrial Mitsubishi Electric.","robots":{"index":"index","follow":"follow","max-snippet":"max-snippet:-1","max-image-preview":"max-image-preview:large","max-video-preview":"max-video-preview:-1"},"canonical":"https:\/\/storeplc.com\/?product=1769-l16er-bb1b","og_locale":"en_US","og_type":"article","og_title":"1769-L16ER-BB1B - Automatizaci\u00f3n Industrial Mitsubishi Electric.","og_description":"&nbsp; compactlogix 5370 l1 controller dual ethernet w\/dlr capability 384kb memory 6 i\/o expansion via 1734 point i\/o 4 ethernet ip nodes 24vdc &nbsp; General Automatizaci\u00f3n: La aplicaci\u00f3n de tecnolog\u00eda para hacer que sistemas o procesos funcionen de manera aut\u00f3noma, sin intervenci\u00f3n humana. \ud83e\udd16 Sistemas: Conjunto de elementos interrelacionados que trabajan juntos hacia un objetivo [&hellip;]","og_url":"https:\/\/storeplc.com\/?product=1769-l16er-bb1b","og_site_name":"Automatizaci\u00f3n Industrial Mitsubishi Electric.","article_modified_time":"2026-01-06T19:00:58+00:00","og_image":[{"width":600,"height":470,"url":"https:\/\/storeplc.com\/wp-content\/uploads\/2024\/05\/1769-L16ER-BB1B.png","type":"image\/png"}],"twitter_card":"summary_large_image","twitter_misc":{"Est. reading time":"1 minute"},"schema":{"@context":"https:\/\/schema.org","@graph":[{"@type":"WebPage","@id":"https:\/\/storeplc.com\/?product=1769-l16er-bb1b","url":"https:\/\/storeplc.com\/?product=1769-l16er-bb1b","name":"1769-L16ER-BB1B - Automatizaci\u00f3n Industrial Mitsubishi Electric.","isPartOf":{"@id":"https:\/\/storeplc.com\/#website"},"primaryImageOfPage":{"@id":"https:\/\/storeplc.com\/?product=1769-l16er-bb1b#primaryimage"},"image":{"@id":"https:\/\/storeplc.com\/?product=1769-l16er-bb1b#primaryimage"},"thumbnailUrl":"https:\/\/storeplc.com\/wp-content\/uploads\/2024\/05\/1769-L16ER-BB1B.png","datePublished":"2024-05-07T21:58:16+00:00","dateModified":"2026-01-06T19:00:58+00:00","breadcrumb":{"@id":"https:\/\/storeplc.com\/?product=1769-l16er-bb1b#breadcrumb"},"inLanguage":"en-US","potentialAction":[{"@type":"ReadAction","target":["https:\/\/storeplc.com\/?product=1769-l16er-bb1b"]}]},{"@type":"ImageObject","inLanguage":"en-US","@id":"https:\/\/storeplc.com\/?product=1769-l16er-bb1b#primaryimage","url":"https:\/\/storeplc.com\/wp-content\/uploads\/2024\/05\/1769-L16ER-BB1B.png","contentUrl":"https:\/\/storeplc.com\/wp-content\/uploads\/2024\/05\/1769-L16ER-BB1B.png","width":600,"height":470,"caption":"1769-L16ER-BB1B"},{"@type":"BreadcrumbList","@id":"https:\/\/storeplc.com\/?product=1769-l16er-bb1b#breadcrumb","itemListElement":[{"@type":"ListItem","position":1,"name":"Home","item":"https:\/\/storeplc.com\/"},{"@type":"ListItem","position":2,"name":"Shop","item":"https:\/\/storeplc.com\/?page_id=5"},{"@type":"ListItem","position":3,"name":"1769-L16ER-BB1B"}]},{"@type":"WebSite","@id":"https:\/\/storeplc.com\/#website","url":"https:\/\/storeplc.com\/","name":"storeplc.com","description":"storeplc.com ","publisher":{"@id":"https:\/\/storeplc.com\/#organization"},"potentialAction":[{"@type":"SearchAction","target":{"@type":"EntryPoint","urlTemplate":"https:\/\/storeplc.com\/?s={search_term_string}"},"query-input":{"@type":"PropertyValueSpecification","valueRequired":true,"valueName":"search_term_string"}}],"inLanguage":"en-US"},{"@type":"Organization","@id":"https:\/\/storeplc.com\/#organization","name":"storeplc.com","url":"https:\/\/storeplc.com\/","logo":{"@type":"ImageObject","inLanguage":"en-US","@id":"https:\/\/storeplc.com\/#\/schema\/logo\/image\/","url":"https:\/\/storeplc.com\/wp-content\/uploads\/2026\/01\/cropped-cropped-Logo-StorePLC.png","contentUrl":"https:\/\/storeplc.com\/wp-content\/uploads\/2026\/01\/cropped-cropped-Logo-StorePLC.png","width":1021,"height":746,"caption":"storeplc.com"},"image":{"@id":"https:\/\/storeplc.com\/#\/schema\/logo\/image\/"}}]}},"_links":{"self":[{"href":"https:\/\/storeplc.com\/index.php?rest_route=\/wp\/v2\/product\/3382","targetHints":{"allow":["GET"]}}],"collection":[{"href":"https:\/\/storeplc.com\/index.php?rest_route=\/wp\/v2\/product"}],"about":[{"href":"https:\/\/storeplc.com\/index.php?rest_route=\/wp\/v2\/types\/product"}],"wp:featuredmedia":[{"embeddable":true,"href":"https:\/\/storeplc.com\/index.php?rest_route=\/wp\/v2\/media\/3383"}],"wp:attachment":[{"href":"https:\/\/storeplc.com\/index.php?rest_route=%2Fwp%2Fv2%2Fmedia&parent=3382"}],"wp:term":[{"taxonomy":"product_brand","embeddable":true,"href":"https:\/\/storeplc.com\/index.php?rest_route=%2Fwp%2Fv2%2Fproduct_brand&post=3382"},{"taxonomy":"product_cat","embeddable":true,"href":"https:\/\/storeplc.com\/index.php?rest_route=%2Fwp%2Fv2%2Fproduct_cat&post=3382"},{"taxonomy":"product_tag","embeddable":true,"href":"https:\/\/storeplc.com\/index.php?rest_route=%2Fwp%2Fv2%2Fproduct_tag&post=3382"}],"curies":[{"name":"wp","href":"https:\/\/api.w.org\/{rel}","templated":true}]}}